{"id":36,"date":"2019-09-26T19:30:14","date_gmt":"2019-09-26T19:30:14","guid":{"rendered":"http:\/\/theater-verein-edelweiss.de\/?page_id=36"},"modified":"2025-06-17T18:39:46","modified_gmt":"2025-06-17T18:39:46","slug":"start","status":"publish","type":"page","link":"https:\/\/theater-verein-edelweiss.de\/","title":{"rendered":"Herzlich Willkommen"},"content":{"rendered":"\n<p>Wir begr\u00fc\u00dfen Sie auf der Webseite des Theater-Verein Edelwei\u00df Hersel-Uedorf e.V. <\/p>\n\n\n\n<p class=\"has-x-large-font-size\">Unsere aktuellen Aktivit\u00e4ten<\/p>\n\n\n\n<div class=\"wp-block-query is-layout-flow wp-block-query-is-layout-flow\"><ul class=\"wp-block-post-template is-layout-flow wp-block-post-template-is-layout-flow\"><li class=\"wp-block-post post-250 post type-post status-publish format-standard hentry category-uncategorized\">\n<h2 class=\"wp-block-post-title has-x-large-font-size\"><a href=\"https:\/\/theater-verein-edelweiss.de\/?p=250\" target=\"_self\" >&#8222;Casting&#8220; am 09.03.2026<\/a><\/h2>\n\n<div class=\"wp-block-post-date has-small-font-size\"><time datetime=\"2026-02-23T17:54:23+00:00\">23. Februar 2026<\/time><\/div>\n\n\n\n<div class=\"wp-block-post-excerpt\"><p class=\"wp-block-post-excerpt__excerpt\">Wir suchen DICH! Du wolltest schon immer mal auf der B\u00fchne stehen oder uns anderweitig unterst\u00fctzen? Wir suchen: -Schauspieler*innen aller Altersgruppen und Geschlechter (ab 16 Jahren) -Souffleur*innen -Techniker*innen -Maskenbildner*innen -B\u00fchnenbauer*innen\/B\u00fchnenwart*innen -helfende H\u00e4nde f\u00fcr Catering und Bewirtung -finanzielle Unterst\u00fctzung als inaktives Mitglied Haben wir dein Interesse geweckt? Dann melde dich ganz unverbindlich bei uns: info@theater-verein-edelweiss.de und<\/p><p class=\"wp-block-post-excerpt__more-text\"><a class=\"wp-block-post-excerpt__more-link\" href=\"https:\/\/theater-verein-edelweiss.de\/?p=250\">Mehr erfahren&#8230;<\/a><\/p><\/div>\n\n\n<hr class=\"wp-block-separator has-css-opacity\"\/>\n\n<\/li><li class=\"wp-block-post post-172 post type-post status-publish format-standard has-post-thumbnail hentry category-krimidinner tag-15 tag-krimidinner tag-theater tag-tickets\">\n<h2 class=\"wp-block-post-title has-x-large-font-size\"><a href=\"https:\/\/theater-verein-edelweiss.de\/?p=172\" target=\"_self\" >Krimidinner 2026<\/a><\/h2>\n\n<div class=\"wp-block-post-date has-small-font-size\"><time datetime=\"2026-01-11T16:09:30+00:00\">11. Januar 2026<\/time><\/div>\n\n<figure class=\"alignwide wp-block-post-featured-image\"><a href=\"https:\/\/theater-verein-edelweiss.de\/?p=172\" target=\"_self\"  ><img loading=\"lazy\" decoding=\"async\" width=\"1817\" height=\"2560\" src=\"https:\/\/theater-verein-edelweiss.de\/wp-content\/uploads\/2026\/01\/Plakat_A3_1-scaled.jpg\" class=\"attachment-post-thumbnail size-post-thumbnail wp-post-image\" alt=\"Krimidinner 2026\" style=\"object-fit:cover;\" srcset=\"https:\/\/theater-verein-edelweiss.de\/wp-content\/uploads\/2026\/01\/Plakat_A3_1-scaled.jpg 1817w, https:\/\/theater-verein-edelweiss.de\/wp-content\/uploads\/2026\/01\/Plakat_A3_1-213x300.jpg 213w, https:\/\/theater-verein-edelweiss.de\/wp-content\/uploads\/2026\/01\/Plakat_A3_1-727x1024.jpg 727w, https:\/\/theater-verein-edelweiss.de\/wp-content\/uploads\/2026\/01\/Plakat_A3_1-768x1082.jpg 768w, https:\/\/theater-verein-edelweiss.de\/wp-content\/uploads\/2026\/01\/Plakat_A3_1-1090x1536.jpg 1090w, https:\/\/theater-verein-edelweiss.de\/wp-content\/uploads\/2026\/01\/Plakat_A3_1-1454x2048.jpg 1454w\" sizes=\"auto, (max-width: 1817px) 100vw, 1817px\" \/><\/a><\/figure>\n\n<div class=\"wp-block-post-excerpt\"><p class=\"wp-block-post-excerpt__excerpt\">Sichern Sie sich schnell Ihre Karten!<\/p><p class=\"wp-block-post-excerpt__more-text\"><a class=\"wp-block-post-excerpt__more-link\" href=\"https:\/\/theater-verein-edelweiss.de\/?p=172\">Mehr erfahren&#8230;<\/a><\/p><\/div>\n\n\n<hr class=\"wp-block-separator has-css-opacity\"\/>\n\n<\/li><li class=\"wp-block-post post-165 post type-post status-publish format-standard has-post-thumbnail hentry category-auffuehrung tag-11 tag-auffuehrungen tag-theater tag-tickets\">\n<h2 class=\"wp-block-post-title has-x-large-font-size\"><a href=\"https:\/\/theater-verein-edelweiss.de\/?p=165\" target=\"_self\" >Theater 2025<\/a><\/h2>\n\n<div class=\"wp-block-post-date has-small-font-size\"><time datetime=\"2025-09-05T06:20:44+00:00\">5. September 2025<\/time><\/div>\n\n<figure class=\"alignwide wp-block-post-featured-image\"><a href=\"https:\/\/theater-verein-edelweiss.de\/?p=165\" target=\"_self\"  ><img loading=\"lazy\" decoding=\"async\" width=\"7110\" height=\"10016\" src=\"https:\/\/theater-verein-edelweiss.de\/wp-content\/uploads\/2025\/09\/Plakat_Widdig_A3_1.jpg\" class=\"attachment-post-thumbnail size-post-thumbnail wp-post-image\" alt=\"Theater 2025\" style=\"object-fit:cover;\" \/><\/a><\/figure>\n\n<div class=\"wp-block-post-excerpt\"><p class=\"wp-block-post-excerpt__excerpt\">Der Kartenvorverkauf ist gestartet. Wir freuen uns auf Ihren Besuch. Online-Tickets gibt es unten links auf der Seite im Shop.<\/p><p class=\"wp-block-post-excerpt__more-text\"><a class=\"wp-block-post-excerpt__more-link\" href=\"https:\/\/theater-verein-edelweiss.de\/?p=165\">Mehr erfahren&#8230;<\/a><\/p><\/div>\n\n\n<hr class=\"wp-block-separator has-css-opacity\"\/>\n\n<\/li><\/ul><\/div>\n","protected":false},"excerpt":{"rendered":"<p>Wir begr\u00fc\u00dfen Sie auf der Webseite des Theater-Verein Edelwei\u00df Hersel-Uedorf e.V. Unsere aktuellen Aktivit\u00e4ten<\/p>\n","protected":false},"author":1,"featured_media":0,"parent":0,"menu_order":0,"comment_status":"closed","ping_status":"closed","template":"","meta":{"footnotes":""},"class_list":["post-36","page","type-page","status-publish","hentry"],"jetpack_sharing_enabled":true,"_links":{"self":[{"href":"https:\/\/theater-verein-edelweiss.de\/index.php?rest_route=\/wp\/v2\/pages\/36","targetHints":{"allow":["GET"]}}],"collection":[{"href":"https:\/\/theater-verein-edelweiss.de\/index.php?rest_route=\/wp\/v2\/pages"}],"about":[{"href":"https:\/\/theater-verein-edelweiss.de\/index.php?rest_route=\/wp\/v2\/types\/page"}],"author":[{"embeddable":true,"href":"https:\/\/theater-verein-edelweiss.de\/index.php?rest_route=\/wp\/v2\/users\/1"}],"replies":[{"embeddable":true,"href":"https:\/\/theater-verein-edelweiss.de\/index.php?rest_route=%2Fwp%2Fv2%2Fcomments&post=36"}],"version-history":[{"count":26,"href":"https:\/\/theater-verein-edelweiss.de\/index.php?rest_route=\/wp\/v2\/pages\/36\/revisions"}],"predecessor-version":[{"id":137,"href":"https:\/\/theater-verein-edelweiss.de\/index.php?rest_route=\/wp\/v2\/pages\/36\/revisions\/137"}],"wp:attachment":[{"href":"https:\/\/theater-verein-edelweiss.de\/index.php?rest_route=%2Fwp%2Fv2%2Fmedia&parent=36"}],"curies":[{"name":"wp","href":"https:\/\/api.w.org\/{rel}","templated":true}]}}