{"id":199,"date":"2026-01-21T14:47:07","date_gmt":"2026-01-21T14:47:07","guid":{"rendered":"https:\/\/theater-verein-edelweiss.de\/?page_id=199"},"modified":"2026-01-26T18:18:57","modified_gmt":"2026-01-26T18:18:57","slug":"flohmarkt","status":"publish","type":"page","link":"https:\/\/theater-verein-edelweiss.de\/?page_id=199","title":{"rendered":"Flohmarkt"},"content":{"rendered":"\n<p>Wir veranstalten meist zweimal j\u00e4hrlich unseren beliebten Herseler-Familien-Flohmarkt! In der Rheinhalle Hersel (Rheinstra\u00dfe 201, 53332 Bornheim) warten ca. 120 Meter Verkaufsst\u00e4nde mit Angeboten f\u00fcr Kinder, aber auch die ganze Familie auf euch! Auch unser beliebtes HeFaFlo-Bistro hat ge\u00f6ffnet und bietet euch Fr\u00fchst\u00fcck, Currywurst und Pommes sowie Waffeln und Kaffee und  Getr\u00e4nke. Kommt vorbei und st\u00f6bert durch das Angebot. Weitere Infos unter: <a href=\"https:\/\/hefaflo.de\/\">www.hefaflo.de<\/a>. <\/p>\n\n\n\n<p>N\u00e4chste Termine:<\/p>\n\n\n\n<p>15.03.2026 (ausgebucht)<\/p>\n\n\n\n<p>04.10.2026<\/p>\n\n\n\n<p>14.03.2027<\/p>\n\n\n\n<p>03.10.2027<\/p>\n","protected":false},"excerpt":{"rendered":"<p>Wir veranstalten meist zweimal j\u00e4hrlich unseren beliebten Herseler-Familien-Flohmarkt! In der Rheinhalle Hersel (Rheinstra\u00dfe 201, 53332 Bornheim) warten ca. 120 Meter Verkaufsst\u00e4nde mit Angeboten f\u00fcr Kinder, aber auch die ganze Familie auf euch! Auch unser beliebtes HeFaFlo-Bistro hat ge\u00f6ffnet und bietet euch Fr\u00fchst\u00fcck, Currywurst und Pommes sowie Waffeln und Kaffee und Getr\u00e4nke. Kommt vorbei und st\u00f6bert [&hellip;]<\/p>\n","protected":false},"author":1,"featured_media":0,"parent":188,"menu_order":0,"comment_status":"closed","ping_status":"closed","template":"","meta":{"footnotes":""},"class_list":["post-199","page","type-page","status-publish","hentry"],"jetpack_sharing_enabled":true,"_links":{"self":[{"href":"https:\/\/theater-verein-edelweiss.de\/index.php?rest_route=\/wp\/v2\/pages\/199","targetHints":{"allow":["GET"]}}],"collection":[{"href":"https:\/\/theater-verein-edelweiss.de\/index.php?rest_route=\/wp\/v2\/pages"}],"about":[{"href":"https:\/\/theater-verein-edelweiss.de\/index.php?rest_route=\/wp\/v2\/types\/page"}],"author":[{"embeddable":true,"href":"https:\/\/theater-verein-edelweiss.de\/index.php?rest_route=\/wp\/v2\/users\/1"}],"replies":[{"embeddable":true,"href":"https:\/\/theater-verein-edelweiss.de\/index.php?rest_route=%2Fwp%2Fv2%2Fcomments&post=199"}],"version-history":[{"count":2,"href":"https:\/\/theater-verein-edelweiss.de\/index.php?rest_route=\/wp\/v2\/pages\/199\/revisions"}],"predecessor-version":[{"id":242,"href":"https:\/\/theater-verein-edelweiss.de\/index.php?rest_route=\/wp\/v2\/pages\/199\/revisions\/242"}],"up":[{"embeddable":true,"href":"https:\/\/theater-verein-edelweiss.de\/index.php?rest_route=\/wp\/v2\/pages\/188"}],"wp:attachment":[{"href":"https:\/\/theater-verein-edelweiss.de\/index.php?rest_route=%2Fwp%2Fv2%2Fmedia&parent=199"}],"curies":[{"name":"wp","href":"https:\/\/api.w.org\/{rel}","templated":true}]}}