{"id":197,"date":"2026-01-21T14:46:23","date_gmt":"2026-01-21T14:46:23","guid":{"rendered":"https:\/\/theater-verein-edelweiss.de\/?page_id=197"},"modified":"2026-02-11T13:52:25","modified_gmt":"2026-02-11T13:52:25","slug":"karneval","status":"publish","type":"page","link":"https:\/\/theater-verein-edelweiss.de\/?page_id=197","title":{"rendered":"Karneval"},"content":{"rendered":"\n<p>Als ein Verein im Rheinland sind wir nat\u00fcrlich auch karnevalistisch aktiv. Wir nehmen jedes Jahr mit einem Wagen und ggf. einer zus\u00e4tzlichen Fu\u00dfgruppe am Hersel-Uedorfer Karnevalszug an Karnevalssonntag teil. Des Weiteren kamen auch schon mehrere Tollit\u00e4ten aus den Reihen unseres Vereins. <\/p>\n\n\n\n<p>Tollit\u00e4ten von Hersel-Uedorf aus dem Theater-Verein:<\/p>\n\n\n\n<p>1982\/83: Prinz Wolfgang I. und Prinzessin Karin I. (Raschke)<\/p>\n\n\n\n<p>1983\/84: Prinz Hans IV. und Prinzessin Thea I. (Kemp)<\/p>\n\n\n\n<p>1988\/89: Prinz Helmut I. (Mertens), Bauer Hermann-Josef (Deussen) und Jungfrau Johanna (Hans Kemp)<\/p>\n\n\n\n<p>2008\/09: Prinzessin Ulrike II. (Theil)<\/p>\n\n\n\n<p>2018\/19: Prinzessin Moni I. und Kinderprinzessin Melina I. (Hemmersbach)<\/p>\n\n\n\n<figure class=\"wp-block-image size-full is-resized\"><img loading=\"lazy\" decoding=\"async\" width=\"1000\" height=\"732\" src=\"https:\/\/theater-verein-edelweiss.de\/wp-content\/uploads\/2026\/02\/Screenshot-2026-02-11-145022.jpg\" alt=\"\" class=\"wp-image-246\" style=\"aspect-ratio:1.3661530251484224;width:376px;height:auto\" srcset=\"https:\/\/theater-verein-edelweiss.de\/wp-content\/uploads\/2026\/02\/Screenshot-2026-02-11-145022.jpg 1000w, https:\/\/theater-verein-edelweiss.de\/wp-content\/uploads\/2026\/02\/Screenshot-2026-02-11-145022-300x220.jpg 300w, https:\/\/theater-verein-edelweiss.de\/wp-content\/uploads\/2026\/02\/Screenshot-2026-02-11-145022-768x562.jpg 768w\" sizes=\"auto, (max-width: 1000px) 100vw, 1000px\" \/><\/figure>\n\n\n\n<p><\/p>\n","protected":false},"excerpt":{"rendered":"<p>Als ein Verein im Rheinland sind wir nat\u00fcrlich auch karnevalistisch aktiv. Wir nehmen jedes Jahr mit einem Wagen und ggf. einer zus\u00e4tzlichen Fu\u00dfgruppe am Hersel-Uedorfer Karnevalszug an Karnevalssonntag teil. Des Weiteren kamen auch schon mehrere Tollit\u00e4ten aus den Reihen unseres Vereins. Tollit\u00e4ten von Hersel-Uedorf aus dem Theater-Verein: 1982\/83: Prinz Wolfgang I. und Prinzessin Karin I. [&hellip;]<\/p>\n","protected":false},"author":1,"featured_media":0,"parent":188,"menu_order":0,"comment_status":"closed","ping_status":"closed","template":"","meta":{"footnotes":""},"class_list":["post-197","page","type-page","status-publish","hentry"],"jetpack_sharing_enabled":true,"_links":{"self":[{"href":"https:\/\/theater-verein-edelweiss.de\/index.php?rest_route=\/wp\/v2\/pages\/197","targetHints":{"allow":["GET"]}}],"collection":[{"href":"https:\/\/theater-verein-edelweiss.de\/index.php?rest_route=\/wp\/v2\/pages"}],"about":[{"href":"https:\/\/theater-verein-edelweiss.de\/index.php?rest_route=\/wp\/v2\/types\/page"}],"author":[{"embeddable":true,"href":"https:\/\/theater-verein-edelweiss.de\/index.php?rest_route=\/wp\/v2\/users\/1"}],"replies":[{"embeddable":true,"href":"https:\/\/theater-verein-edelweiss.de\/index.php?rest_route=%2Fwp%2Fv2%2Fcomments&post=197"}],"version-history":[{"count":3,"href":"https:\/\/theater-verein-edelweiss.de\/index.php?rest_route=\/wp\/v2\/pages\/197\/revisions"}],"predecessor-version":[{"id":248,"href":"https:\/\/theater-verein-edelweiss.de\/index.php?rest_route=\/wp\/v2\/pages\/197\/revisions\/248"}],"up":[{"embeddable":true,"href":"https:\/\/theater-verein-edelweiss.de\/index.php?rest_route=\/wp\/v2\/pages\/188"}],"wp:attachment":[{"href":"https:\/\/theater-verein-edelweiss.de\/index.php?rest_route=%2Fwp%2Fv2%2Fmedia&parent=197"}],"curies":[{"name":"wp","href":"https:\/\/api.w.org\/{rel}","templated":true}]}}