{"id":191,"date":"2026-01-21T14:50:00","date_gmt":"2026-01-21T14:50:00","guid":{"rendered":"https:\/\/theater-verein-edelweiss.de\/?page_id=191"},"modified":"2026-02-23T17:56:33","modified_gmt":"2026-02-23T17:56:33","slug":"mitmachen","status":"publish","type":"page","link":"https:\/\/theater-verein-edelweiss.de\/?page_id=191","title":{"rendered":"Mitmachen"},"content":{"rendered":"\n<p>Du suchst nach einem neuen Hobby? Du hast schon Erfahrung und suchst einen neuen Verein?                  Dann bist du bei uns genau richtig! Wir sind ein Verein mit viel Freude und Leidenschaft f\u00fcr das Theaterspiel. Wir brennen f\u00fcr das Laienschauspiel. Bei uns werden Zusammenhalt und Gemeinschaft gro\u00df geschrieben und der Spa\u00df steht immer an erster Stelle. Bei den Proben, Auff\u00fchrungen und allen Veranstaltungen wird viel gelacht und es herrscht eine gute Stimmung. Wir arbeiten alle komplett ehrenamtlich und mit viel Engagement f\u00fcr unseren Verein! Wir bieten unseren Mitgliedern auch viele interne Veranstaltungen, bei denen Geselligkeit gro\u00df geschrieben wird, u.a. Nikolausfeiern und Sommerfeste. Doch nicht nur als Schauspieler*in kannst du bei uns mitmachen, sondern auch in vielen anderen Bereichen.                                                 Wir suchen:<\/p>\n\n\n\n<p>-Schauspieler*innen aller Altersgruppen und Geschlechter (ab 16 Jahren)<\/p>\n\n\n\n<p>-Souffleur*innen<\/p>\n\n\n\n<p>-Techniker*innen<\/p>\n\n\n\n<p>-Maskenbildner*innen<\/p>\n\n\n\n<p>-B\u00fchnenbauer*innen\/B\u00fchnenwart*innen<\/p>\n\n\n\n<p>-helfende H\u00e4nde f\u00fcr Catering und Bewirtung<\/p>\n\n\n\n<p>-finanzielle Unterst\u00fctzung als inaktives Mitglied<\/p>\n\n\n\n<p>Haben wir dein Interesse geweckt? Dann melde dich ganz unverbindlich bei uns: info@theater-verein-edelweiss.de . Wir melden uns dann bei dir und vereinbaren gerne einen Kennenlern-Termin.                                             Wir freuen uns auf dich!<\/p>\n\n\n\n<p>Hinweis: <em>solltest du j\u00fcnger als 16 Jahre sein, melde dich gerne trotzdem! Wir planen f\u00fcr die Zukunft auch eine Jugendgruppe und freuen uns auf deine Unterst\u00fctzung. Wir schauen dann gemeinsam, wie wir dich bereits jetzt einbinden k\u00f6nnen.<\/em><\/p>\n\n\n\n<p><\/p>\n\n\n\n<p>Schau mal <a href=\"https:\/\/theater-verein-edelweiss.de\/?p=250\" data-type=\"post\" data-id=\"250\">hier<\/a>: wir veranstalten am 09.03.2026 ein Casting!<\/p>\n","protected":false},"excerpt":{"rendered":"<p>Du suchst nach einem neuen Hobby? Du hast schon Erfahrung und suchst einen neuen Verein? Dann bist du bei uns genau richtig! Wir sind ein Verein mit viel Freude und Leidenschaft f\u00fcr das Theaterspiel. Wir brennen f\u00fcr das Laienschauspiel. Bei uns werden Zusammenhalt und Gemeinschaft gro\u00df geschrieben und der Spa\u00df steht immer an erster Stelle. [&hellip;]<\/p>\n","protected":false},"author":1,"featured_media":0,"parent":0,"menu_order":0,"comment_status":"closed","ping_status":"closed","template":"","meta":{"footnotes":""},"class_list":["post-191","page","type-page","status-publish","hentry"],"jetpack_sharing_enabled":true,"_links":{"self":[{"href":"https:\/\/theater-verein-edelweiss.de\/index.php?rest_route=\/wp\/v2\/pages\/191","targetHints":{"allow":["GET"]}}],"collection":[{"href":"https:\/\/theater-verein-edelweiss.de\/index.php?rest_route=\/wp\/v2\/pages"}],"about":[{"href":"https:\/\/theater-verein-edelweiss.de\/index.php?rest_route=\/wp\/v2\/types\/page"}],"author":[{"embeddable":true,"href":"https:\/\/theater-verein-edelweiss.de\/index.php?rest_route=\/wp\/v2\/users\/1"}],"replies":[{"embeddable":true,"href":"https:\/\/theater-verein-edelweiss.de\/index.php?rest_route=%2Fwp%2Fv2%2Fcomments&post=191"}],"version-history":[{"count":4,"href":"https:\/\/theater-verein-edelweiss.de\/index.php?rest_route=\/wp\/v2\/pages\/191\/revisions"}],"predecessor-version":[{"id":253,"href":"https:\/\/theater-verein-edelweiss.de\/index.php?rest_route=\/wp\/v2\/pages\/191\/revisions\/253"}],"wp:attachment":[{"href":"https:\/\/theater-verein-edelweiss.de\/index.php?rest_route=%2Fwp%2Fv2%2Fmedia&parent=191"}],"curies":[{"name":"wp","href":"https:\/\/api.w.org\/{rel}","templated":true}]}}