{"id":178,"date":"2026-01-21T14:07:49","date_gmt":"2026-01-21T14:07:49","guid":{"rendered":"https:\/\/theater-verein-edelweiss.de\/?page_id=178"},"modified":"2026-01-26T17:13:02","modified_gmt":"2026-01-26T17:13:02","slug":"wer-sind-wir","status":"publish","type":"page","link":"https:\/\/theater-verein-edelweiss.de\/?page_id=178","title":{"rendered":"Wer sind wir?"},"content":{"rendered":"\n<p class=\"has-primary-color has-text-color has-link-color wp-elements-69094e3fb1bf12284b421d289b3f32f9\">Wir sind der Theaterverein &#8222;Edelwei\u00df&#8220; Hersel-Uedorf e.V. aus Bornheim-Hersel\/Uedorf zwischen K\u00f6ln und Bonn!<\/p>\n\n\n\n<p>Unsere Leidenschaft ist das Theaterspielen. Alle unsere Mitglieder arbeiten ehrenamtlich f\u00fcr unseren Verein und sind Laienschauspieler*innen. In der Regel haben wir zwei gro\u00dfe Theaterprojekte im Jahr: unser <a href=\"https:\/\/theater-verein-edelweiss.de\/?page_id=193\" data-type=\"page\" data-id=\"193\">&#8222;gro\u00dfes&#8220; Theaterst\u00fcck<\/a> im Oktober und unser <a href=\"https:\/\/theater-verein-edelweiss.de\/?page_id=195\" data-type=\"page\" data-id=\"195\">Krimidinner<\/a> im Fr\u00fchjahr. Neben dem Theater veranstalten wir meist zweimal im Jahr einen <a href=\"https:\/\/theater-verein-edelweiss.de\/?page_id=199\" data-type=\"page\" data-id=\"199\">Familien Flohmarkt<\/a> in der Herseler Rheinhalle. Zudem nehmen wir jedes Jahr mit einer Gruppe am Hersel-Uedorfer <a href=\"https:\/\/theater-verein-edelweiss.de\/?page_id=197\" data-type=\"page\" data-id=\"197\">Karnevalszug<\/a> teil. Des Weiteren warten auf unsere Mitglieder viele tolle Aktivit\u00e4ten wie Nikolausfeiern, Sommerfeste, Vereinstouren und -ausfl\u00fcge oder gemeinsame Theaterbesuche bei befreundeten Vereinen. <\/p>\n\n\n\n<p>Wir sind Mitglied im Amateurtheaterverband NRW -dem Zusammenschluss aller Amateurtheatervereine in Nordrhein-Westfalen- , der Vereinsgemeinschaft Hersel-Uedorf und dem F\u00f6rderverein Rheinhalle.<\/p>\n\n\n\n<p>Wir freuen uns, dass du auf uns aufmerksam geworden bist! St\u00f6bere doch gern etwas mehr durch unsere Homepage, um unseren Verein besser kennenzulernen.<\/p>\n\n\n\n<p>Hast du Interesse Teil unseres Vereins zu werden? Dann schau doch mal <a href=\"https:\/\/theater-verein-edelweiss.de\/?page_id=191\" data-type=\"page\" data-id=\"191\">hier<\/a>.<\/p>\n\n\n\n<p>Folgt uns gerne auf <a href=\"https:\/\/www.instagram.com\/tvedelweiss\/\">Instagram<\/a> und <a href=\"https:\/\/www.facebook.com\/p\/Theater-Verein-Edelweiss-Hersel-Uedorf-e-V-100064594453509\/\">Facebook<\/a>!<\/p>\n\n\n\n<p><\/p>\n\n\n\n<p><em>Hinweis: unsere Webseite wird gerade erneuert und St\u00fcck f\u00fcr St\u00fcck mit Inhalt gef\u00fcllt.<\/em><\/p>\n\n\n\n<figure class=\"wp-block-image size-large is-resized\"><img loading=\"lazy\" decoding=\"async\" width=\"1024\" height=\"675\" src=\"https:\/\/theater-verein-edelweiss.de\/wp-content\/uploads\/2026\/01\/IMG_8107-1024x675.jpg\" alt=\"\" class=\"wp-image-234\" style=\"aspect-ratio:1.5170737825718854;width:640px;height:auto\" srcset=\"https:\/\/theater-verein-edelweiss.de\/wp-content\/uploads\/2026\/01\/IMG_8107-1024x675.jpg 1024w, https:\/\/theater-verein-edelweiss.de\/wp-content\/uploads\/2026\/01\/IMG_8107-300x198.jpg 300w, https:\/\/theater-verein-edelweiss.de\/wp-content\/uploads\/2026\/01\/IMG_8107-768x506.jpg 768w, https:\/\/theater-verein-edelweiss.de\/wp-content\/uploads\/2026\/01\/IMG_8107.jpg 1179w\" sizes=\"auto, (max-width: 1024px) 100vw, 1024px\" \/><\/figure>\n","protected":false},"excerpt":{"rendered":"<p>Wir sind der Theaterverein &#8222;Edelwei\u00df&#8220; Hersel-Uedorf e.V. aus Bornheim-Hersel\/Uedorf zwischen K\u00f6ln und Bonn! Unsere Leidenschaft ist das Theaterspielen. Alle unsere Mitglieder arbeiten ehrenamtlich f\u00fcr unseren Verein und sind Laienschauspieler*innen. In der Regel haben wir zwei gro\u00dfe Theaterprojekte im Jahr: unser &#8222;gro\u00dfes&#8220; Theaterst\u00fcck im Oktober und unser Krimidinner im Fr\u00fchjahr. Neben dem Theater veranstalten wir meist [&hellip;]<\/p>\n","protected":false},"author":1,"featured_media":0,"parent":138,"menu_order":0,"comment_status":"closed","ping_status":"closed","template":"","meta":{"footnotes":""},"class_list":["post-178","page","type-page","status-publish","hentry"],"jetpack_sharing_enabled":true,"_links":{"self":[{"href":"https:\/\/theater-verein-edelweiss.de\/index.php?rest_route=\/wp\/v2\/pages\/178","targetHints":{"allow":["GET"]}}],"collection":[{"href":"https:\/\/theater-verein-edelweiss.de\/index.php?rest_route=\/wp\/v2\/pages"}],"about":[{"href":"https:\/\/theater-verein-edelweiss.de\/index.php?rest_route=\/wp\/v2\/types\/page"}],"author":[{"embeddable":true,"href":"https:\/\/theater-verein-edelweiss.de\/index.php?rest_route=\/wp\/v2\/users\/1"}],"replies":[{"embeddable":true,"href":"https:\/\/theater-verein-edelweiss.de\/index.php?rest_route=%2Fwp%2Fv2%2Fcomments&post=178"}],"version-history":[{"count":6,"href":"https:\/\/theater-verein-edelweiss.de\/index.php?rest_route=\/wp\/v2\/pages\/178\/revisions"}],"predecessor-version":[{"id":236,"href":"https:\/\/theater-verein-edelweiss.de\/index.php?rest_route=\/wp\/v2\/pages\/178\/revisions\/236"}],"up":[{"embeddable":true,"href":"https:\/\/theater-verein-edelweiss.de\/index.php?rest_route=\/wp\/v2\/pages\/138"}],"wp:attachment":[{"href":"https:\/\/theater-verein-edelweiss.de\/index.php?rest_route=%2Fwp%2Fv2%2Fmedia&parent=178"}],"curies":[{"name":"wp","href":"https:\/\/api.w.org\/{rel}","templated":true}]}}